{"id":8,"date":"2016-12-13T12:12:06","date_gmt":"2016-12-13T12:12:06","guid":{"rendered":"http:\/\/barcelonarealestate.apps-1and1.net\/?page_id=8"},"modified":"2017-03-07T16:12:29","modified_gmt":"2017-03-07T16:12:29","slug":"investors","status":"publish","type":"page","link":"https:\/\/barcelonarealestate.cat\/es\/investors","title":{"rendered":"INVERSORES"},"content":{"rendered":"<p><span style=\"color: #000000;\"><span lang=\"es\">\u00a0\u00a0\u00a0\u00a0\u00a0\u00a0\u00a0\u00a0\u00a0 <img loading=\"lazy\" decoding=\"async\" class=\"alignnone wp-image-600\" src=\"http:\/\/barcelonarealestate.cat\/wp-content\/uploads\/2016\/12\/FINANCING-300x296.png\" alt=\"\" width=\"230\" height=\"227\" srcset=\"https:\/\/barcelonarealestate.cat\/wp-content\/uploads\/2016\/12\/FINANCING-300x296.png 300w, https:\/\/barcelonarealestate.cat\/wp-content\/uploads\/2016\/12\/FINANCING.png 333w\" sizes=\"auto, (max-width: 230px) 100vw, 230px\" \/><\/span><\/span><\/p>\n<p><span style=\"color: #000000;\"><span lang=\"es\">Compartir inversiones inmobiliarias con inversores locales e internacionales es nuestra principal raz\u00f3n de ser. <\/span><\/span><\/p>\n<p><span style=\"color: #000000;\"><span lang=\"es\">Identificamos\u00a0proyectos que generan ingresos estables y una apreciaci\u00f3n del capital a largo plazo\u00a0en inversiones\u00a0aseguradas por inmuebles de primera calidad en Barcelona. <\/span><\/span><\/p>\n<p><span style=\"color: #000000;\"><span lang=\"es\">Los inversores conservadores deben ser conscientes de que invertir en bienes\u00a0inmuebles de primera calidad en el lugar y por el precio\u00a0adecuados garantiza un rendimiento significativamente superior a lo que percibir\u00edan de un dep\u00f3sito bancario tradicional, especialmente en el actual entorno de bajos tipos de inter\u00e9s.<\/span><\/span><\/p>","protected":false},"excerpt":{"rendered":"<p>\u00a0\u00a0\u00a0\u00a0\u00a0\u00a0\u00a0\u00a0\u00a0 Compartir inversiones inmobiliarias con inversores locales e internacionales es nuestra principal raz\u00f3n de ser. Identificamos\u00a0proyectos que generan ingresos estables&hellip;<\/p>\n","protected":false},"author":1,"featured_media":0,"parent":0,"menu_order":0,"comment_status":"closed","ping_status":"closed","template":"","meta":{"footnotes":""},"class_list":["post-8","page","type-page","status-publish","hentry"],"_links":{"self":[{"href":"https:\/\/barcelonarealestate.cat\/es\/wp-json\/wp\/v2\/pages\/8","targetHints":{"allow":["GET"]}}],"collection":[{"href":"https:\/\/barcelonarealestate.cat\/es\/wp-json\/wp\/v2\/pages"}],"about":[{"href":"https:\/\/barcelonarealestate.cat\/es\/wp-json\/wp\/v2\/types\/page"}],"author":[{"embeddable":true,"href":"https:\/\/barcelonarealestate.cat\/es\/wp-json\/wp\/v2\/users\/1"}],"replies":[{"embeddable":true,"href":"https:\/\/barcelonarealestate.cat\/es\/wp-json\/wp\/v2\/comments?post=8"}],"version-history":[{"count":39,"href":"https:\/\/barcelonarealestate.cat\/es\/wp-json\/wp\/v2\/pages\/8\/revisions"}],"predecessor-version":[{"id":803,"href":"https:\/\/barcelonarealestate.cat\/es\/wp-json\/wp\/v2\/pages\/8\/revisions\/803"}],"wp:attachment":[{"href":"https:\/\/barcelonarealestate.cat\/es\/wp-json\/wp\/v2\/media?parent=8"}],"curies":[{"name":"wp","href":"https:\/\/api.w.org\/{rel}","templated":true}]}}