{"id":24,"date":"2016-12-13T12:30:07","date_gmt":"2016-12-13T12:30:07","guid":{"rendered":"http:\/\/barcelonarealestate.apps-1and1.net\/?page_id=24"},"modified":"2017-03-15T16:27:38","modified_gmt":"2017-03-15T16:27:38","slug":"about-us","status":"publish","type":"page","link":"https:\/\/barcelonarealestate.cat\/es\/","title":{"rendered":"QUI\u00c9NES SOMOS"},"content":{"rendered":"<p><\/p>\n<h4>\u00a0\u00a0\u00a0\u00a0\u00a0\u00a0\u00a0\u00a0\u00a0 <img loading=\"lazy\" decoding=\"async\" class=\"alignnone wp-image-355\" src=\"http:\/\/barcelonarealestate.cat\/wp-content\/uploads\/2016\/12\/gemelos-baldosa-gaudi-300x127.jpg\" alt=\"\" width=\"250\" height=\"106\" srcset=\"https:\/\/barcelonarealestate.cat\/wp-content\/uploads\/2016\/12\/gemelos-baldosa-gaudi-300x127.jpg 300w, https:\/\/barcelonarealestate.cat\/wp-content\/uploads\/2016\/12\/gemelos-baldosa-gaudi.jpg 682w\" sizes=\"auto, (max-width: 250px) 100vw, 250px\" \/><\/h4>\n<h4><\/h4>\n<h4><span style=\"color: #000000;\">Jordi Piqu\u00e9<\/span><\/h4>\n<p><span style=\"color: #000000;\">Nacido en\u00a0Barcelona, Jordi ha desarrollado la mayor parte de su carrera profesional\u00a0en un entorno internacional\u00a0como directivo de una conocida multinacional fabricante de productos de consumo de reconocido prestigio. Su habilidad para abrir nuevos mercados le ha llevado a asumir funciones directivas en Australia y Estados Unidos. Tras\u00a0establecer la filial\u00a0del pa\u00eds americano\u00a0y ser el\u00a0director general de la misma\u00a0durante varios a\u00f1os, Jordi decidi\u00f3 volver a Barcelona para iniciar un negocio de inversi\u00f3n inmobiliaria, aprovechando la oportunidad que el entorno econ\u00f3mico del momento presentaba, caracterizado por la transformaci\u00f3n\u00a0de la ciudad en un destino\u00a0de referencia para inversores locales e internacionales.<\/span><\/p>\n<h4><span style=\"color: #000000;\">\u00a0<\/span><\/h4>\n<h4><span style=\"color: #000000;\">Juan Pujols<\/span><\/h4>\n<p><span style=\"color: #000000;\">Nacido en Barcelona, Juan ha sido directivo en varias empresas multinacionales norteamericanas de primer nivel. Durante su extensa carrera profesional, Juan ha vivido en Estados Unidos, Espa\u00f1a y Brasil, pa\u00edses en los que ha\u00a0ocupado puestos directivos en finanzas y desarrollo de negocios. Juan\u00a0es Licenciado en\u00a0Derecho por la\u00a0Universidad de Barcelona, tiene un Master en Administraci\u00f3n de Empresas (MBA) por\u00a0la Universidad\u00a0de California\u00a0en Los Angeles (UCLA), y es Doctor en\u00a0Derecho por\u00a0la Universidad Internacional de Catalunya. Juan es abogado y miembro del Colegio de Abogados de Barcelona.<\/span><\/p>","protected":false},"excerpt":{"rendered":"<p>\u00a0\u00a0\u00a0\u00a0\u00a0\u00a0\u00a0\u00a0\u00a0 Jordi Piqu\u00e9 Nacido en\u00a0Barcelona, Jordi ha desarrollado la mayor parte de su carrera profesional\u00a0en un entorno internacional\u00a0como directivo de&hellip;<\/p>\n","protected":false},"author":1,"featured_media":0,"parent":0,"menu_order":0,"comment_status":"closed","ping_status":"closed","template":"","meta":{"footnotes":""},"class_list":["post-24","page","type-page","status-publish","hentry"],"_links":{"self":[{"href":"https:\/\/barcelonarealestate.cat\/es\/wp-json\/wp\/v2\/pages\/24","targetHints":{"allow":["GET"]}}],"collection":[{"href":"https:\/\/barcelonarealestate.cat\/es\/wp-json\/wp\/v2\/pages"}],"about":[{"href":"https:\/\/barcelonarealestate.cat\/es\/wp-json\/wp\/v2\/types\/page"}],"author":[{"embeddable":true,"href":"https:\/\/barcelonarealestate.cat\/es\/wp-json\/wp\/v2\/users\/1"}],"replies":[{"embeddable":true,"href":"https:\/\/barcelonarealestate.cat\/es\/wp-json\/wp\/v2\/comments?post=24"}],"version-history":[{"count":46,"href":"https:\/\/barcelonarealestate.cat\/es\/wp-json\/wp\/v2\/pages\/24\/revisions"}],"predecessor-version":[{"id":871,"href":"https:\/\/barcelonarealestate.cat\/es\/wp-json\/wp\/v2\/pages\/24\/revisions\/871"}],"wp:attachment":[{"href":"https:\/\/barcelonarealestate.cat\/es\/wp-json\/wp\/v2\/media?parent=24"}],"curies":[{"name":"wp","href":"https:\/\/api.w.org\/{rel}","templated":true}]}}