{"id":238,"date":"2016-12-28T14:08:01","date_gmt":"2016-12-28T14:08:01","guid":{"rendered":"http:\/\/barcelonarealestate.cat\/?page_id=238"},"modified":"2017-03-07T16:16:44","modified_gmt":"2017-03-07T16:16:44","slug":"seller","status":"publish","type":"page","link":"https:\/\/barcelonarealestate.cat\/es\/seller","title":{"rendered":"Vendedor"},"content":{"rendered":"<p><span lang=\"es\" style=\"color: #000000;\">La venta de una casa es una de las decisiones m\u00e1s importantes que tomamos &#8211; financiera y emocionalmente. <\/span><\/p>\n<p><span lang=\"es\" style=\"color: #000000;\">En Barcelona Real Estate establecemos la estrategia de marketing necesaria para atraer\u00a0el mayor n\u00famero posible de\u00a0compradores potenciales. Le ayudaremos a establecer el precio adecuado para su inmueble en funci\u00f3n de las condiciones del mercado y las caracter\u00edsticas y el estado de su casa. Tambi\u00e9n le\u00a0daremos las\u00a0recomendaciones necesarias (renovaciones, reparaciones, etc)\u00a0para aumentar\u00a0el valor de mercado de su inmueble. <\/span><\/p>\n<p><span lang=\"es\" style=\"color: #000000;\">En resumen, le proporcionaremos el asesoramiento que necesita para obtener el mejor precio por la venta de\u00a0su casa. <\/span><\/p>\n<p><span lang=\"es\" style=\"color: #000000;\">Como parte de nuestro servicio, tambi\u00e9n le proporcionaremos el asesoramiento legal y fiscal que necesite hasta el cierre de la operaci\u00f3n.<\/span><\/p>","protected":false},"excerpt":{"rendered":"<p>La venta de una casa es una de las decisiones m\u00e1s importantes que tomamos &#8211; financiera y emocionalmente. En Barcelona&hellip;<\/p>\n","protected":false},"author":1,"featured_media":0,"parent":0,"menu_order":0,"comment_status":"closed","ping_status":"closed","template":"","meta":{"footnotes":""},"class_list":["post-238","page","type-page","status-publish","hentry"],"_links":{"self":[{"href":"https:\/\/barcelonarealestate.cat\/es\/wp-json\/wp\/v2\/pages\/238","targetHints":{"allow":["GET"]}}],"collection":[{"href":"https:\/\/barcelonarealestate.cat\/es\/wp-json\/wp\/v2\/pages"}],"about":[{"href":"https:\/\/barcelonarealestate.cat\/es\/wp-json\/wp\/v2\/types\/page"}],"author":[{"embeddable":true,"href":"https:\/\/barcelonarealestate.cat\/es\/wp-json\/wp\/v2\/users\/1"}],"replies":[{"embeddable":true,"href":"https:\/\/barcelonarealestate.cat\/es\/wp-json\/wp\/v2\/comments?post=238"}],"version-history":[{"count":21,"href":"https:\/\/barcelonarealestate.cat\/es\/wp-json\/wp\/v2\/pages\/238\/revisions"}],"predecessor-version":[{"id":807,"href":"https:\/\/barcelonarealestate.cat\/es\/wp-json\/wp\/v2\/pages\/238\/revisions\/807"}],"wp:attachment":[{"href":"https:\/\/barcelonarealestate.cat\/es\/wp-json\/wp\/v2\/media?parent=238"}],"curies":[{"name":"wp","href":"https:\/\/api.w.org\/{rel}","templated":true}]}}