{"id":236,"date":"2016-12-28T14:07:46","date_gmt":"2016-12-28T14:07:46","guid":{"rendered":"http:\/\/barcelonarealestate.cat\/?page_id=236"},"modified":"2017-03-07T15:45:03","modified_gmt":"2017-03-07T15:45:03","slug":"buyer","status":"publish","type":"page","link":"https:\/\/barcelonarealestate.cat\/es\/buyer","title":{"rendered":"Comprador"},"content":{"rendered":"<p><span lang=\"es\" style=\"color: #000000;\">Comprar una casa es una inversi\u00f3n\u00a0muy importante &#8211;\u00a0probablemente para la mayor\u00eda de la gente\u00a0es la mayor inversi\u00f3n que har\u00e1n en sus vidas. <\/span><\/p>\n<p><span lang=\"es\" style=\"color: #000000;\">Comprar una casa puede ser una experiencia gratificante, pero tambi\u00e9n puede ser estresante si no se cuenta con el asesoramiento adecuado. Afortunadamente, en Barcelona Real Estate tenemos la experiencia y\u00a0el conocimiento del mercado local necesarios para ayudarle en el proceso de comprar la casa perfecta. <\/span><\/p>\n<p><span lang=\"es\" style=\"color: #000000;\">Le mostraremos varias propiedades previamente seleccionadas que se ajustan a sus necesidades en t\u00e9rminos de tama\u00f1o, barrio, estilo de construcci\u00f3n (tradicional o moderno), servicios comunes y presupuesto, y le asesoraremos durante el proceso de negociaci\u00f3n. <\/span><\/p>\n<p><span lang=\"es\" style=\"color: #000000;\">Una vez concluida la negociaci\u00f3n, le guiaremos y le apoyaremos\u00a0en los tr\u00e1mites\u00a0necesarios para comprar su casa. Redactaremos el documento de venta, revisaremos la escritura notarial, proporcionaremos asesoramiento fiscal y seguiremos el proceso de venta\u00a0hasta su\u00a0inscripci\u00f3n en el Registro de la Propiedad.<\/span><\/p>","protected":false},"excerpt":{"rendered":"<p>Comprar una casa es una inversi\u00f3n\u00a0muy importante &#8211;\u00a0probablemente para la mayor\u00eda de la gente\u00a0es la mayor inversi\u00f3n que har\u00e1n en&hellip;<\/p>\n","protected":false},"author":1,"featured_media":0,"parent":0,"menu_order":0,"comment_status":"closed","ping_status":"closed","template":"","meta":{"footnotes":""},"class_list":["post-236","page","type-page","status-publish","hentry"],"_links":{"self":[{"href":"https:\/\/barcelonarealestate.cat\/es\/wp-json\/wp\/v2\/pages\/236","targetHints":{"allow":["GET"]}}],"collection":[{"href":"https:\/\/barcelonarealestate.cat\/es\/wp-json\/wp\/v2\/pages"}],"about":[{"href":"https:\/\/barcelonarealestate.cat\/es\/wp-json\/wp\/v2\/types\/page"}],"author":[{"embeddable":true,"href":"https:\/\/barcelonarealestate.cat\/es\/wp-json\/wp\/v2\/users\/1"}],"replies":[{"embeddable":true,"href":"https:\/\/barcelonarealestate.cat\/es\/wp-json\/wp\/v2\/comments?post=236"}],"version-history":[{"count":28,"href":"https:\/\/barcelonarealestate.cat\/es\/wp-json\/wp\/v2\/pages\/236\/revisions"}],"predecessor-version":[{"id":872,"href":"https:\/\/barcelonarealestate.cat\/es\/wp-json\/wp\/v2\/pages\/236\/revisions\/872"}],"wp:attachment":[{"href":"https:\/\/barcelonarealestate.cat\/es\/wp-json\/wp\/v2\/media?parent=236"}],"curies":[{"name":"wp","href":"https:\/\/api.w.org\/{rel}","templated":true}]}}