{"id":221,"date":"2016-12-28T13:31:42","date_gmt":"2016-12-28T13:31:42","guid":{"rendered":"http:\/\/barcelonarealestate.cat\/?page_id=221"},"modified":"2017-03-07T16:43:48","modified_gmt":"2017-03-07T16:43:48","slug":"tenant","status":"publish","type":"page","link":"https:\/\/barcelonarealestate.cat\/es\/tenant","title":{"rendered":"Inquilino"},"content":{"rendered":"<p><span style=\"color: #000000;\">Si est\u00e1 buscando una casa o un apartamento\u00a0de alquiler en Barcelona, \u200b\u200ble ense\u00f1aremos varias propiedades, previamente seleccionadas a trav\u00e9s de nuestra red de afiliados, que se ajusten a sus necesidades en t\u00e9rminos de tama\u00f1o, barrio, estilo de construcci\u00f3n (tradicional o moderno), servicios comunes y presupuesto.<\/span><\/p>\n<p><span style=\"color: #000000;\">Como parte de nuestro servicio, tambi\u00e9n le proporcionaremos\u00a0el asesoramiento\u00a0legal y fiscal que necesite para asegurarse de que firma un contrato de arrendamiento redactado en su mejor inter\u00e9s.<\/span><\/p>","protected":false},"excerpt":{"rendered":"<p>Si est\u00e1 buscando una casa o un apartamento\u00a0de alquiler en Barcelona, \u200b\u200ble ense\u00f1aremos varias propiedades, previamente seleccionadas a trav\u00e9s de&hellip;<\/p>\n","protected":false},"author":1,"featured_media":0,"parent":0,"menu_order":0,"comment_status":"closed","ping_status":"closed","template":"","meta":{"footnotes":""},"class_list":["post-221","page","type-page","status-publish","hentry"],"_links":{"self":[{"href":"https:\/\/barcelonarealestate.cat\/es\/wp-json\/wp\/v2\/pages\/221","targetHints":{"allow":["GET"]}}],"collection":[{"href":"https:\/\/barcelonarealestate.cat\/es\/wp-json\/wp\/v2\/pages"}],"about":[{"href":"https:\/\/barcelonarealestate.cat\/es\/wp-json\/wp\/v2\/types\/page"}],"author":[{"embeddable":true,"href":"https:\/\/barcelonarealestate.cat\/es\/wp-json\/wp\/v2\/users\/1"}],"replies":[{"embeddable":true,"href":"https:\/\/barcelonarealestate.cat\/es\/wp-json\/wp\/v2\/comments?post=221"}],"version-history":[{"count":25,"href":"https:\/\/barcelonarealestate.cat\/es\/wp-json\/wp\/v2\/pages\/221\/revisions"}],"predecessor-version":[{"id":831,"href":"https:\/\/barcelonarealestate.cat\/es\/wp-json\/wp\/v2\/pages\/221\/revisions\/831"}],"wp:attachment":[{"href":"https:\/\/barcelonarealestate.cat\/es\/wp-json\/wp\/v2\/media?parent=221"}],"curies":[{"name":"wp","href":"https:\/\/api.w.org\/{rel}","templated":true}]}}