{"id":194,"date":"2016-12-28T12:58:54","date_gmt":"2016-12-28T12:58:54","guid":{"rendered":"http:\/\/barcelonarealestate.cat\/?page_id=194"},"modified":"2017-03-07T16:06:58","modified_gmt":"2017-03-07T16:06:58","slug":"our-logo","status":"publish","type":"page","link":"https:\/\/barcelonarealestate.cat\/es\/our-logo","title":{"rendered":"Nuestro Logo"},"content":{"rendered":"<p><span style=\"color: #000000;\">\u00a0\u00a0\u00a0\u00a0\u00a0\u00a0\u00a0\u00a0\u00a0 <img loading=\"lazy\" decoding=\"async\" class=\"alignnone wp-image-96\" src=\"http:\/\/barcelonarealestate.cat\/wp-content\/uploads\/2016\/12\/BRE-LOGO-PICTOGRAM.png\" alt=\"\" width=\"140\" height=\"152\" \/><\/span><\/p>\n<p><span style=\"color: #000000;\">Debido a su situaci\u00f3n privilegiada en la costa mediterr\u00e1nea, Barcelona ha sido por varios siglos un centro de referencia de producci\u00f3n, fabricaci\u00f3n y comercio en el sur de Europa.<\/span><\/p>\n<p><span style=\"color: #000000;\">A principios del siglo XIX, Barcelona creci\u00f3 fuera de las murallas de la ciudad antigua y desarroll\u00f3 una estructura de calles conocida como Ensanche. Empresarios e industriales catalanes se trasladaron a la ciudad e invirtieron en\u00a0inmuebles en\u00a0la capital. La propiedad de inmuebles en Barcelona se convirti\u00f3 en un s\u00edmbolo de \u00e9xito econ\u00f3mico y social. Estos adinerados emprendedores rivalizaban entre ellos para construir unos edificios de extraordinaria belleza, dando lugar al nacimiento de un estilo conocido como Modernismo.<\/span><\/p>\n<p><span style=\"color: #000000;\">Antoni Gaudi fue uno de los m\u00e1ximos exponentes de esa \u00e9poca. Dise\u00f1\u00f3 varios edificios en la ciudad, as\u00ed como cientos de piezas \u00fanicas como el hex\u00e1gono de azulejo inspirado en el fondo del mar mediterr\u00e1neo, que adoptamos como logo de nuestra compa\u00f1\u00eda.<\/span><\/p>\n<p><span style=\"color: #000000;\">Para obtener informaci\u00f3n adicional sobre la historia, situaci\u00f3n y lugares de inter\u00e9s para visitar en la ciudad de Barcelona, pinche en http:\/\/meet.barcelona.cat\/es\/descubre-barcelona<\/span><\/p>","protected":false},"excerpt":{"rendered":"<p>\u00a0\u00a0\u00a0\u00a0\u00a0\u00a0\u00a0\u00a0\u00a0 Debido a su situaci\u00f3n privilegiada en la costa mediterr\u00e1nea, Barcelona ha sido por varios siglos un centro de referencia&hellip;<\/p>\n","protected":false},"author":1,"featured_media":0,"parent":0,"menu_order":0,"comment_status":"closed","ping_status":"closed","template":"","meta":{"footnotes":""},"class_list":["post-194","page","type-page","status-publish","hentry"],"_links":{"self":[{"href":"https:\/\/barcelonarealestate.cat\/es\/wp-json\/wp\/v2\/pages\/194","targetHints":{"allow":["GET"]}}],"collection":[{"href":"https:\/\/barcelonarealestate.cat\/es\/wp-json\/wp\/v2\/pages"}],"about":[{"href":"https:\/\/barcelonarealestate.cat\/es\/wp-json\/wp\/v2\/types\/page"}],"author":[{"embeddable":true,"href":"https:\/\/barcelonarealestate.cat\/es\/wp-json\/wp\/v2\/users\/1"}],"replies":[{"embeddable":true,"href":"https:\/\/barcelonarealestate.cat\/es\/wp-json\/wp\/v2\/comments?post=194"}],"version-history":[{"count":21,"href":"https:\/\/barcelonarealestate.cat\/es\/wp-json\/wp\/v2\/pages\/194\/revisions"}],"predecessor-version":[{"id":799,"href":"https:\/\/barcelonarealestate.cat\/es\/wp-json\/wp\/v2\/pages\/194\/revisions\/799"}],"wp:attachment":[{"href":"https:\/\/barcelonarealestate.cat\/es\/wp-json\/wp\/v2\/media?parent=194"}],"curies":[{"name":"wp","href":"https:\/\/api.w.org\/{rel}","templated":true}]}}