{"id":130,"date":"2016-12-28T11:13:06","date_gmt":"2016-12-28T11:13:06","guid":{"rendered":"http:\/\/barcelonarealestate.cat\/?page_id=130"},"modified":"2017-03-07T16:47:35","modified_gmt":"2017-03-07T16:47:35","slug":"tax-legal","status":"publish","type":"page","link":"https:\/\/barcelonarealestate.cat\/es\/tax-legal","title":{"rendered":"LEGAL Y FISCAL"},"content":{"rendered":"<p><span style=\"color: #000000;\">\u00a0\u00a0\u00a0\u00a0\u00a0\u00a0\u00a0\u00a0\u00a0 <img loading=\"lazy\" decoding=\"async\" class=\"alignnone wp-image-460\" src=\"http:\/\/barcelonarealestate.cat\/wp-content\/uploads\/2017\/02\/der.png\" alt=\"\" width=\"130\" height=\"139\" \/>\u00a0\u00a0\u00a0\u00a0\u00a0\u00a0\u00a0 <img loading=\"lazy\" decoding=\"async\" class=\"alignnone size-medium wp-image-476\" src=\"http:\/\/barcelonarealestate.cat\/wp-content\/uploads\/2016\/12\/128-h_main-w-300x135.png\" alt=\"\" width=\"300\" height=\"135\" srcset=\"https:\/\/barcelonarealestate.cat\/wp-content\/uploads\/2016\/12\/128-h_main-w-300x135.png 300w, https:\/\/barcelonarealestate.cat\/wp-content\/uploads\/2016\/12\/128-h_main-w.png 620w\" sizes=\"auto, (max-width: 300px) 100vw, 300px\" \/><\/span><\/p>\n<p><span style=\"color: #000000;\">A trav\u00e9s de nuestro equipo de abogados, ofrecemos asesor\u00eda legal y fiscal a las inversiones inmobiliarias de nuestros clientes.<\/span><\/p>\n<p><span style=\"color: #000000;\">Cuando nuestros clientes compran un inmueble,\u00a0verificamos la ausencia de\u00a0cargas\u00a0en el\u00a0Registro de la Propiedad, preparamos el contrato de arras, revisamos la escritura notarial,\u00a0gestionamos el pago del Impuesto sobre Transmisiones Patrimoniales\u00a0(inmuebles usados) o\u00a0del Impuesto sobre el Valor A\u00f1adido\u00a0(obra nueva), y supervisamos el proceso de compraventa hasta la inscripci\u00f3n en el Registro de la Propiedad.<\/span><\/p>\n<p><span style=\"color: #000000;\">Tambi\u00e9n ofrecemos asesor\u00eda fiscal en el momento de la compraventa para optimizar la rentabilidad despu\u00e9s de impuestos de las inversiones de nuestros clientes. Nos aseguramos del cumplimiento de toda la normativa fiscal local aplicable y revisamos la situaci\u00f3n\u00a0personal de nuestros clientes para beneficiarnos del tratado para evitar la doble imposici\u00f3n correspondiente.<\/span><\/p>\n<p><span style=\"color: #000000;\">Tambi\u00e9n proporcionamos asesor\u00eda legal para las inversiones inmobiliarias de nuestros clientes, incluyendo el pago de impuestos locales, arrendamientos urbanos, y propiedad horizontal. Para los clientes interesados en obtener una rentabilidad de sus inversiones inmobiliarias, proporcionamos asesor\u00eda fiscal y presentamos las declaraciones fiscales correspondientes.<\/span><\/p>\n<p><span style=\"color: #000000;\">Conforme a la Ley 14\/2013, los extranjeros que efect\u00faen una inversi\u00f3n\u00a0m\u00ednima de\u00a0\u20ac500,000 en un inmueble pueden solicitar la residencia legal en Espa\u00f1a. Nos\u00a0encargamos de\u00a0tramitar el visado de residencia para aquellos clientes interesados en obtener la condici\u00f3n de residente legal en Espa\u00f1a.<\/span><\/p>","protected":false},"excerpt":{"rendered":"<p>\u00a0\u00a0\u00a0\u00a0\u00a0\u00a0\u00a0\u00a0\u00a0 \u00a0\u00a0\u00a0\u00a0\u00a0\u00a0\u00a0 A trav\u00e9s de nuestro equipo de abogados, ofrecemos asesor\u00eda legal y fiscal a las inversiones inmobiliarias de nuestros&hellip;<\/p>\n","protected":false},"author":1,"featured_media":0,"parent":0,"menu_order":0,"comment_status":"closed","ping_status":"closed","template":"","meta":{"footnotes":""},"class_list":["post-130","page","type-page","status-publish","hentry"],"_links":{"self":[{"href":"https:\/\/barcelonarealestate.cat\/es\/wp-json\/wp\/v2\/pages\/130","targetHints":{"allow":["GET"]}}],"collection":[{"href":"https:\/\/barcelonarealestate.cat\/es\/wp-json\/wp\/v2\/pages"}],"about":[{"href":"https:\/\/barcelonarealestate.cat\/es\/wp-json\/wp\/v2\/types\/page"}],"author":[{"embeddable":true,"href":"https:\/\/barcelonarealestate.cat\/es\/wp-json\/wp\/v2\/users\/1"}],"replies":[{"embeddable":true,"href":"https:\/\/barcelonarealestate.cat\/es\/wp-json\/wp\/v2\/comments?post=130"}],"version-history":[{"count":30,"href":"https:\/\/barcelonarealestate.cat\/es\/wp-json\/wp\/v2\/pages\/130\/revisions"}],"predecessor-version":[{"id":834,"href":"https:\/\/barcelonarealestate.cat\/es\/wp-json\/wp\/v2\/pages\/130\/revisions\/834"}],"wp:attachment":[{"href":"https:\/\/barcelonarealestate.cat\/es\/wp-json\/wp\/v2\/media?parent=130"}],"curies":[{"name":"wp","href":"https:\/\/api.w.org\/{rel}","templated":true}]}}