{"id":8,"date":"2016-12-13T12:12:06","date_gmt":"2016-12-13T12:12:06","guid":{"rendered":"http:\/\/barcelonarealestate.apps-1and1.net\/?page_id=8"},"modified":"2017-03-07T16:12:29","modified_gmt":"2017-03-07T16:12:29","slug":"investors","status":"publish","type":"page","link":"https:\/\/barcelonarealestate.cat\/ca\/investors","title":{"rendered":"INVERSORS"},"content":{"rendered":"<p><span id=\"result_box\" lang=\"ca\">\u00a0\u00a0\u00a0\u00a0\u00a0\u00a0\u00a0\u00a0\u00a0 <img loading=\"lazy\" decoding=\"async\" class=\"alignnone wp-image-600\" src=\"http:\/\/barcelonarealestate.cat\/wp-content\/uploads\/2016\/12\/FINANCING-300x296.png\" alt=\"\" width=\"230\" height=\"227\" srcset=\"https:\/\/barcelonarealestate.cat\/wp-content\/uploads\/2016\/12\/FINANCING-300x296.png 300w, https:\/\/barcelonarealestate.cat\/wp-content\/uploads\/2016\/12\/FINANCING.png 333w\" sizes=\"auto, (max-width: 230px) 100vw, 230px\" \/><\/span><\/p>\n<p><span id=\"result_box\" lang=\"ca\" style=\"color: #000000;\">Compartir inversions immobili\u00e0ries amb inversors locals i internacionals \u00e9s la nostra principal ra\u00f3 de ser.<\/span><\/p>\n<p><span id=\"result_box\" lang=\"ca\" style=\"color: #000000;\">Identifiquem projectes que generen ingressos estables i una apreciaci\u00f3 del capital a llarg termini en inversions assegurades per immobles de primera qualitat a Barcelona.<\/span><\/p>\n<p><span id=\"result_box\" lang=\"ca\" style=\"color: #000000;\">Els inversors conservadors han de ser conscients que invertir en b\u00e9ns immobles de primera qualitat en el lloc i pel preu adequats garanteix un rendiment significativament superior al que percebrien d&#8217;un dip\u00f2sit bancari tradicional, especialment en l&#8217;actual entorn de baixos tipus d&#8217;inter\u00e8s.<\/span><\/p>\n<p>&nbsp;<\/p>","protected":false},"excerpt":{"rendered":"<p>\u00a0\u00a0\u00a0\u00a0\u00a0\u00a0\u00a0\u00a0\u00a0 Compartir inversions immobili\u00e0ries amb inversors locals i internacionals \u00e9s la nostra principal ra\u00f3 de ser. Identifiquem projectes que generen&hellip;<\/p>\n","protected":false},"author":1,"featured_media":0,"parent":0,"menu_order":0,"comment_status":"closed","ping_status":"closed","template":"","meta":{"footnotes":""},"class_list":["post-8","page","type-page","status-publish","hentry"],"_links":{"self":[{"href":"https:\/\/barcelonarealestate.cat\/ca\/wp-json\/wp\/v2\/pages\/8","targetHints":{"allow":["GET"]}}],"collection":[{"href":"https:\/\/barcelonarealestate.cat\/ca\/wp-json\/wp\/v2\/pages"}],"about":[{"href":"https:\/\/barcelonarealestate.cat\/ca\/wp-json\/wp\/v2\/types\/page"}],"author":[{"embeddable":true,"href":"https:\/\/barcelonarealestate.cat\/ca\/wp-json\/wp\/v2\/users\/1"}],"replies":[{"embeddable":true,"href":"https:\/\/barcelonarealestate.cat\/ca\/wp-json\/wp\/v2\/comments?post=8"}],"version-history":[{"count":39,"href":"https:\/\/barcelonarealestate.cat\/ca\/wp-json\/wp\/v2\/pages\/8\/revisions"}],"predecessor-version":[{"id":803,"href":"https:\/\/barcelonarealestate.cat\/ca\/wp-json\/wp\/v2\/pages\/8\/revisions\/803"}],"wp:attachment":[{"href":"https:\/\/barcelonarealestate.cat\/ca\/wp-json\/wp\/v2\/media?parent=8"}],"curies":[{"name":"wp","href":"https:\/\/api.w.org\/{rel}","templated":true}]}}