{"id":263,"date":"2016-12-28T15:06:44","date_gmt":"2016-12-28T15:06:44","guid":{"rendered":"http:\/\/barcelonarealestate.cat\/?page_id=263"},"modified":"2017-03-07T16:38:18","modified_gmt":"2017-03-07T16:38:18","slug":"landlord","status":"publish","type":"page","link":"https:\/\/barcelonarealestate.cat\/ca\/landlord","title":{"rendered":"Propietari"},"content":{"rendered":"<p><span style=\"color: #000000;\">Si vost\u00e8 \u00e9s propietari d&#8217;un edifici, casa o apartament que vol llogar, comercialitzarem la seva propietat per atraure el major nombre possible de visitants per assegurar el millor lloguer mensual per a la seva edifici, casa o apartament.<\/span><\/p>\n<p><span style=\"color: #000000;\">Tamb\u00e9 li oferirem l&#8217;assessorament legal i fiscal que necessiti per assegurar el tancament de la transacci\u00f3. Redactarem el contracte d&#8217;arrendament, farem el dip\u00f2sit del lloguer a l&#8217;Institut Catal\u00e0 del Sol i presentarem el pagament de l&#8217;Impost sobre Transmissions Patrimonials.<\/span><\/p>\n<p><span style=\"color: #000000;\">Com a part del nostre servei, tamb\u00e9 li oferirem l&#8217;assessorament necessari per a qualsevol conting\u00e8ncia que pugui sorgir.<\/span><\/p>","protected":false},"excerpt":{"rendered":"<p>Si vost\u00e8 \u00e9s propietari d&#8217;un edifici, casa o apartament que vol llogar, comercialitzarem la seva propietat per atraure el major&hellip;<\/p>\n","protected":false},"author":1,"featured_media":0,"parent":0,"menu_order":0,"comment_status":"closed","ping_status":"closed","template":"","meta":{"footnotes":""},"class_list":["post-263","page","type-page","status-publish","hentry"],"_links":{"self":[{"href":"https:\/\/barcelonarealestate.cat\/ca\/wp-json\/wp\/v2\/pages\/263","targetHints":{"allow":["GET"]}}],"collection":[{"href":"https:\/\/barcelonarealestate.cat\/ca\/wp-json\/wp\/v2\/pages"}],"about":[{"href":"https:\/\/barcelonarealestate.cat\/ca\/wp-json\/wp\/v2\/types\/page"}],"author":[{"embeddable":true,"href":"https:\/\/barcelonarealestate.cat\/ca\/wp-json\/wp\/v2\/users\/1"}],"replies":[{"embeddable":true,"href":"https:\/\/barcelonarealestate.cat\/ca\/wp-json\/wp\/v2\/comments?post=263"}],"version-history":[{"count":25,"href":"https:\/\/barcelonarealestate.cat\/ca\/wp-json\/wp\/v2\/pages\/263\/revisions"}],"predecessor-version":[{"id":825,"href":"https:\/\/barcelonarealestate.cat\/ca\/wp-json\/wp\/v2\/pages\/263\/revisions\/825"}],"wp:attachment":[{"href":"https:\/\/barcelonarealestate.cat\/ca\/wp-json\/wp\/v2\/media?parent=263"}],"curies":[{"name":"wp","href":"https:\/\/api.w.org\/{rel}","templated":true}]}}