{"id":24,"date":"2016-12-13T12:30:07","date_gmt":"2016-12-13T12:30:07","guid":{"rendered":"http:\/\/barcelonarealestate.apps-1and1.net\/?page_id=24"},"modified":"2017-03-15T16:27:38","modified_gmt":"2017-03-15T16:27:38","slug":"about-us","status":"publish","type":"page","link":"https:\/\/barcelonarealestate.cat\/ca\/","title":{"rendered":"QUI SOM"},"content":{"rendered":"<p><\/p>\n<h4><span style=\"color: #000000;\">\u00a0\u00a0\u00a0\u00a0\u00a0\u00a0\u00a0\u00a0\u00a0 <img loading=\"lazy\" decoding=\"async\" class=\"alignnone wp-image-355\" src=\"http:\/\/barcelonarealestate.cat\/wp-content\/uploads\/2016\/12\/gemelos-baldosa-gaudi-300x127.jpg\" alt=\"\" width=\"250\" height=\"106\" srcset=\"https:\/\/barcelonarealestate.cat\/wp-content\/uploads\/2016\/12\/gemelos-baldosa-gaudi-300x127.jpg 300w, https:\/\/barcelonarealestate.cat\/wp-content\/uploads\/2016\/12\/gemelos-baldosa-gaudi.jpg 682w\" sizes=\"auto, (max-width: 250px) 100vw, 250px\" \/><\/span><\/h4>\n<h4><\/h4>\n<h4><span style=\"color: #000000;\">Jordi Piqu\u00e9<\/span><\/h4>\n<p><span style=\"color: #000000;\"><span id=\"result_box\" lang=\"ca\">Nascut a Barcelona, Jordi ha desenvolupat la major part de la seva carrera professional en un entorn internacional com a directiu d&#8217;una coneguda multinacional fabricant de productes de consum de reconegut prestigi. La seva habilitat per obrir nous mercats l&#8217;ha portat a assumir funcions directives a Austr\u00e0lia i Estats Units. Despr\u00e9s d&#8217;obrir la filial del pa\u00eds americ\u00e0 i ser el director general de la mateixa durant diversos anys, Jordi va decidir tornar a Barcelona per establir un negoci d&#8217;inversi\u00f3 immobili\u00e0ria, aprofitant l&#8217;oportunitat que l&#8217;entorn econ\u00f2mic del moment presentava, en el qual la ciutat s&#8217;havia convertit en una destinaci\u00f3 de refer\u00e8ncia per a inversors locals i internacionals.<\/span><\/span><\/p>\n<h4><span style=\"color: #000000;\">\u00a0<\/span><\/h4>\n<h4><span style=\"color: #000000;\">Joan Pujols<\/span><\/h4>\n<p><span style=\"color: #000000;\"><span id=\"result_box\" lang=\"ca\">Nascut a Barcelona, Joan ha estat directiu en diverses empreses multinacionals nord-americanes de primer nivell. Durant la seva extensa carrera professional, Joan ha viscut als Estats Units, Espanya i Brasil, pa\u00efsos en els quals ha ocupat llocs directius en finances i desenvolupament de negocis. Joan \u00e9s Llicenciat en Dret per la Universitat de Barcelona, t\u00e9 un M\u00e0ster en Administraci\u00f3 d&#8217;Empreses (MBA) per la Universitat de Calif\u00f2rnia a Los Angeles (UCLA), i \u00e9s Doctor en Dret per la Universitat Internacional de Catalunya. Joan \u00e9s advocat i membre del Col\u00b7legi d&#8217;Advocats de Barcelona.<\/span><\/span><\/p>","protected":false},"excerpt":{"rendered":"<p>\u00a0\u00a0\u00a0\u00a0\u00a0\u00a0\u00a0\u00a0\u00a0 Jordi Piqu\u00e9 Nascut a Barcelona, Jordi ha desenvolupat la major part de la seva carrera professional en un entorn&hellip;<\/p>\n","protected":false},"author":1,"featured_media":0,"parent":0,"menu_order":0,"comment_status":"closed","ping_status":"closed","template":"","meta":{"footnotes":""},"class_list":["post-24","page","type-page","status-publish","hentry"],"_links":{"self":[{"href":"https:\/\/barcelonarealestate.cat\/ca\/wp-json\/wp\/v2\/pages\/24","targetHints":{"allow":["GET"]}}],"collection":[{"href":"https:\/\/barcelonarealestate.cat\/ca\/wp-json\/wp\/v2\/pages"}],"about":[{"href":"https:\/\/barcelonarealestate.cat\/ca\/wp-json\/wp\/v2\/types\/page"}],"author":[{"embeddable":true,"href":"https:\/\/barcelonarealestate.cat\/ca\/wp-json\/wp\/v2\/users\/1"}],"replies":[{"embeddable":true,"href":"https:\/\/barcelonarealestate.cat\/ca\/wp-json\/wp\/v2\/comments?post=24"}],"version-history":[{"count":46,"href":"https:\/\/barcelonarealestate.cat\/ca\/wp-json\/wp\/v2\/pages\/24\/revisions"}],"predecessor-version":[{"id":871,"href":"https:\/\/barcelonarealestate.cat\/ca\/wp-json\/wp\/v2\/pages\/24\/revisions\/871"}],"wp:attachment":[{"href":"https:\/\/barcelonarealestate.cat\/ca\/wp-json\/wp\/v2\/media?parent=24"}],"curies":[{"name":"wp","href":"https:\/\/api.w.org\/{rel}","templated":true}]}}