{"id":238,"date":"2016-12-28T14:08:01","date_gmt":"2016-12-28T14:08:01","guid":{"rendered":"http:\/\/barcelonarealestate.cat\/?page_id=238"},"modified":"2017-03-07T16:16:44","modified_gmt":"2017-03-07T16:16:44","slug":"seller","status":"publish","type":"page","link":"https:\/\/barcelonarealestate.cat\/ca\/seller","title":{"rendered":"Propietari"},"content":{"rendered":"<p><span id=\"result_box\" lang=\"ca\" style=\"color: #000000;\">La venda d&#8217;una casa \u00e9s una de les decisions m\u00e9s importants que prenem &#8211; financera i emocionalment.<\/span><\/p>\n<p><span id=\"result_box\" lang=\"ca\" style=\"color: #000000;\">A Barcelona Real Estate establim l&#8217;estrat\u00e8gia de m\u00e0rqueting necess\u00e0ria per atreure el major nombre possible de compradors potencials. L&#8217;ajudarem a establir el preu adequat per al seu immoble en funci\u00f3 de les condicions del mercat i les caracter\u00edstiques i l&#8217;estat de casa seva. Tamb\u00e9 li donarem les recomanacions necess\u00e0ries (renovacions, reparacions, etc) per augmentar el valor de mercat del seu immoble.<\/span><\/p>\n<p><span id=\"result_box\" lang=\"ca\" style=\"color: #000000;\">En resum, li proporcionarem l&#8217;assessorament que necessita per obtenir el millor preu per la venda de casa.<br \/>\n<\/span><\/p>\n<p><span id=\"result_box\" lang=\"ca\" style=\"color: #000000;\">Com a part del nostre servei, tamb\u00e9 li oferirem l&#8217;assessorament legal i fiscal que necessiti fins al tancament de l&#8217;operaci\u00f3.<\/span><\/p>","protected":false},"excerpt":{"rendered":"<p>La venda d&#8217;una casa \u00e9s una de les decisions m\u00e9s importants que prenem &#8211; financera i emocionalment. A Barcelona Real&hellip;<\/p>\n","protected":false},"author":1,"featured_media":0,"parent":0,"menu_order":0,"comment_status":"closed","ping_status":"closed","template":"","meta":{"footnotes":""},"class_list":["post-238","page","type-page","status-publish","hentry"],"_links":{"self":[{"href":"https:\/\/barcelonarealestate.cat\/ca\/wp-json\/wp\/v2\/pages\/238","targetHints":{"allow":["GET"]}}],"collection":[{"href":"https:\/\/barcelonarealestate.cat\/ca\/wp-json\/wp\/v2\/pages"}],"about":[{"href":"https:\/\/barcelonarealestate.cat\/ca\/wp-json\/wp\/v2\/types\/page"}],"author":[{"embeddable":true,"href":"https:\/\/barcelonarealestate.cat\/ca\/wp-json\/wp\/v2\/users\/1"}],"replies":[{"embeddable":true,"href":"https:\/\/barcelonarealestate.cat\/ca\/wp-json\/wp\/v2\/comments?post=238"}],"version-history":[{"count":21,"href":"https:\/\/barcelonarealestate.cat\/ca\/wp-json\/wp\/v2\/pages\/238\/revisions"}],"predecessor-version":[{"id":807,"href":"https:\/\/barcelonarealestate.cat\/ca\/wp-json\/wp\/v2\/pages\/238\/revisions\/807"}],"wp:attachment":[{"href":"https:\/\/barcelonarealestate.cat\/ca\/wp-json\/wp\/v2\/media?parent=238"}],"curies":[{"name":"wp","href":"https:\/\/api.w.org\/{rel}","templated":true}]}}