{"id":236,"date":"2016-12-28T14:07:46","date_gmt":"2016-12-28T14:07:46","guid":{"rendered":"http:\/\/barcelonarealestate.cat\/?page_id=236"},"modified":"2017-03-07T15:45:03","modified_gmt":"2017-03-07T15:45:03","slug":"buyer","status":"publish","type":"page","link":"https:\/\/barcelonarealestate.cat\/ca\/buyer","title":{"rendered":"Comprador"},"content":{"rendered":"<p><span id=\"result_box\" lang=\"ca\" style=\"color: #000000;\"><span title=\"Comprar una casa es una inversi\u00f3n muy importante - probablemente para la mayor\u00eda de la gente es la mayor inversi\u00f3n que har\u00e1n en sus vidas. \">Comprar una casa \u00e9s una inversi\u00f3 molt important per tothom &#8211; probablement per la majoria de la gent \u00e9s la major inversi\u00f3 que faran a les seves vides.<\/span><\/span><\/p>\n<p><span id=\"result_box\" lang=\"ca\" style=\"color: #000000;\"><span title=\"Comprar una casa puede ser una experiencia gratificante, pero tambi\u00e9n puede ser estresante si no se cuenta con el asesoramiento adecuado.\">Comprar una casa pot ser una experi\u00e8ncia gratificant, per\u00f2 tamb\u00e9 pot ser estressant si no es compta amb l&#8217;assessorament adequat. <\/span><span title=\"Afortunadamente, en Barcelona Real Estate tenemos la experiencia y el conocimiento del mercado local necesarios para ayudarle en el proceso de comprar la casa perfecta. \">Afortunadament, a Barcelona Real Estate tenim l&#8217;experi\u00e8ncia i el coneixement del mercat local necessaris per ajudar en el proc\u00e9s de comprar la casa perfecta.<\/span><\/span><\/p>\n<p><span id=\"result_box\" lang=\"ca\" style=\"color: #000000;\"><span title=\"Le mostraremos varias propiedades previamente seleccionadas que se ajustan a sus necesidades en t\u00e9rminos de tama\u00f1o, barrio, estilo de construcci\u00f3n (tradicional o moderno), servicios comunes y presupuesto, y le asesoraremos durante el proceso de negociaci\u00f3n. \">Mostrarem diverses propietats pr\u00e8viament seleccionades que s&#8217;ajusten a les seves necessitats en termes de mida, barri, estil de construcci\u00f3 (tradicional o modern), serveis comuns i pressupost, i l&#8217;assessorarem durant el proc\u00e9s de negociaci\u00f3.<\/span><\/span><\/p>\n<p><span id=\"result_box\" lang=\"ca\" style=\"color: #000000;\"><span title=\"Una vez concluida la negociaci\u00f3n, le guiaremos y le apoyaremos en los tr\u00e1mites necesarios para comprar su casa.\">Un cop conclosa la negociaci\u00f3, el guiarem i li donarem suport en els tr\u00e0mits necessaris per comprar la seva casa. <\/span><span title=\"Redactaremos el documento de venta, revisaremos la escritura notarial, proporcionaremos asesoramiento fiscal y seguiremos el proceso de venta hasta su inscripci\u00f3n en el Registro de la Propiedad.\">Redactarem el document de venda, revisarem l&#8217;escriptura notarial, oferirem assessorament fiscal i seguirem el proc\u00e9s de venda fins a la inscripci\u00f3 en el Registre de la Propietat.<\/span><\/span><span id=\"t-served-community-button\" class=\"trans-verified-button goog-toolbar-button\"><\/span><\/p>","protected":false},"excerpt":{"rendered":"<p>Comprar una casa \u00e9s una inversi\u00f3 molt important per tothom &#8211; probablement per la majoria de la gent \u00e9s la&hellip;<\/p>\n","protected":false},"author":1,"featured_media":0,"parent":0,"menu_order":0,"comment_status":"closed","ping_status":"closed","template":"","meta":{"footnotes":""},"class_list":["post-236","page","type-page","status-publish","hentry"],"_links":{"self":[{"href":"https:\/\/barcelonarealestate.cat\/ca\/wp-json\/wp\/v2\/pages\/236","targetHints":{"allow":["GET"]}}],"collection":[{"href":"https:\/\/barcelonarealestate.cat\/ca\/wp-json\/wp\/v2\/pages"}],"about":[{"href":"https:\/\/barcelonarealestate.cat\/ca\/wp-json\/wp\/v2\/types\/page"}],"author":[{"embeddable":true,"href":"https:\/\/barcelonarealestate.cat\/ca\/wp-json\/wp\/v2\/users\/1"}],"replies":[{"embeddable":true,"href":"https:\/\/barcelonarealestate.cat\/ca\/wp-json\/wp\/v2\/comments?post=236"}],"version-history":[{"count":28,"href":"https:\/\/barcelonarealestate.cat\/ca\/wp-json\/wp\/v2\/pages\/236\/revisions"}],"predecessor-version":[{"id":872,"href":"https:\/\/barcelonarealestate.cat\/ca\/wp-json\/wp\/v2\/pages\/236\/revisions\/872"}],"wp:attachment":[{"href":"https:\/\/barcelonarealestate.cat\/ca\/wp-json\/wp\/v2\/media?parent=236"}],"curies":[{"name":"wp","href":"https:\/\/api.w.org\/{rel}","templated":true}]}}