{"id":221,"date":"2016-12-28T13:31:42","date_gmt":"2016-12-28T13:31:42","guid":{"rendered":"http:\/\/barcelonarealestate.cat\/?page_id=221"},"modified":"2017-03-07T16:43:48","modified_gmt":"2017-03-07T16:43:48","slug":"tenant","status":"publish","type":"page","link":"https:\/\/barcelonarealestate.cat\/ca\/tenant","title":{"rendered":"Llogater"},"content":{"rendered":"<p><span style=\"color: #000000;\">Si est\u00e0 buscant una casa o un apartament de lloguer a Barcelona, li ensenyarem diverses propietats, pr\u00e8viament seleccionades mitjan\u00e7ant la nostra xarxa d&#8217;afiliats, que s&#8217;ajustin a les seves necessitats en termes de mida, barri, estil de construcci\u00f3 (tradicional o modern ), serveis comuns i pressupost.<\/span><\/p>\n<p><span style=\"color: #000000;\">Com a part del nostre servei, tamb\u00e9 li oferirem l&#8217;assessorament legal i fiscal que necessiti per assegurar-se que signa un contracte d&#8217;arrendament redactat en el seu millor inter\u00e8s.<\/span><\/p>","protected":false},"excerpt":{"rendered":"<p>Si est\u00e0 buscant una casa o un apartament de lloguer a Barcelona, li ensenyarem diverses propietats, pr\u00e8viament seleccionades mitjan\u00e7ant la&hellip;<\/p>\n","protected":false},"author":1,"featured_media":0,"parent":0,"menu_order":0,"comment_status":"closed","ping_status":"closed","template":"","meta":{"footnotes":""},"class_list":["post-221","page","type-page","status-publish","hentry"],"_links":{"self":[{"href":"https:\/\/barcelonarealestate.cat\/ca\/wp-json\/wp\/v2\/pages\/221","targetHints":{"allow":["GET"]}}],"collection":[{"href":"https:\/\/barcelonarealestate.cat\/ca\/wp-json\/wp\/v2\/pages"}],"about":[{"href":"https:\/\/barcelonarealestate.cat\/ca\/wp-json\/wp\/v2\/types\/page"}],"author":[{"embeddable":true,"href":"https:\/\/barcelonarealestate.cat\/ca\/wp-json\/wp\/v2\/users\/1"}],"replies":[{"embeddable":true,"href":"https:\/\/barcelonarealestate.cat\/ca\/wp-json\/wp\/v2\/comments?post=221"}],"version-history":[{"count":25,"href":"https:\/\/barcelonarealestate.cat\/ca\/wp-json\/wp\/v2\/pages\/221\/revisions"}],"predecessor-version":[{"id":831,"href":"https:\/\/barcelonarealestate.cat\/ca\/wp-json\/wp\/v2\/pages\/221\/revisions\/831"}],"wp:attachment":[{"href":"https:\/\/barcelonarealestate.cat\/ca\/wp-json\/wp\/v2\/media?parent=221"}],"curies":[{"name":"wp","href":"https:\/\/api.w.org\/{rel}","templated":true}]}}