{"id":196,"date":"2016-12-28T12:59:15","date_gmt":"2016-12-28T12:59:15","guid":{"rendered":"http:\/\/barcelonarealestate.cat\/?page_id=196"},"modified":"2017-03-07T16:01:58","modified_gmt":"2017-03-07T16:01:58","slug":"mission-statement","status":"publish","type":"page","link":"https:\/\/barcelonarealestate.cat\/ca\/mission-statement","title":{"rendered":"Objectiu"},"content":{"rendered":"<p><span style=\"color: #000000;\"><span id=\"result_box\" lang=\"ca\">El nostre objectiu \u00e9s identificar oportunitats d&#8217;inversi\u00f3 immobili\u00e0ria que responguin a les necessitats dels nostres inversors locals i internacionals. <\/span><span id=\"result_box\" lang=\"ca\">Ens comprometem a oferir immobles que creiem que poden garantir als nostres clients una rendibilitat segura i una apreciaci\u00f3 a llarg termini de la inversi\u00f3.<\/span><\/span><\/p>\n<p><span id=\"result_box\" lang=\"ca\" style=\"color: #000000;\">Tractem als nostres clients com a socis els objectius d&#8217;inversi\u00f3 dels quals ens comprometem a realitzar. Per aix\u00f2, treballem amb els nostres clients per a establir solucions apropiades per a cada transacci\u00f3 immobili\u00e0ria en qu\u00e8 participem.<\/span><\/p>\n<p><span id=\"result_box\" lang=\"ca\" style=\"color: #000000;\">Guiem i acompanyem als nostres clients durant tot el proc\u00e9s d&#8217;inversi\u00f3 i els proporcionem l&#8217;assessorament legal i fiscal, local i internacional, que necessitin.<\/span><\/p>\n<p><span id=\"result_box\" lang=\"ca\" style=\"color: #000000;\">Estem conven\u00e7uts que la satisfacci\u00f3 dels nostres clients en tot el que fem \u00e9s la millor manera de gaudir de la nostra professi\u00f3 i construir una relaci\u00f3 de per vida amb els nostres clients.<\/span><\/p>\n<h6><\/h6>\n<p><\/p>","protected":false},"excerpt":{"rendered":"<p>El nostre objectiu \u00e9s identificar oportunitats d&#8217;inversi\u00f3 immobili\u00e0ria que responguin a les necessitats dels nostres inversors locals i internacionals. Ens&hellip;<\/p>\n","protected":false},"author":1,"featured_media":0,"parent":0,"menu_order":0,"comment_status":"closed","ping_status":"closed","template":"","meta":{"footnotes":""},"class_list":["post-196","page","type-page","status-publish","hentry"],"_links":{"self":[{"href":"https:\/\/barcelonarealestate.cat\/ca\/wp-json\/wp\/v2\/pages\/196","targetHints":{"allow":["GET"]}}],"collection":[{"href":"https:\/\/barcelonarealestate.cat\/ca\/wp-json\/wp\/v2\/pages"}],"about":[{"href":"https:\/\/barcelonarealestate.cat\/ca\/wp-json\/wp\/v2\/types\/page"}],"author":[{"embeddable":true,"href":"https:\/\/barcelonarealestate.cat\/ca\/wp-json\/wp\/v2\/users\/1"}],"replies":[{"embeddable":true,"href":"https:\/\/barcelonarealestate.cat\/ca\/wp-json\/wp\/v2\/comments?post=196"}],"version-history":[{"count":18,"href":"https:\/\/barcelonarealestate.cat\/ca\/wp-json\/wp\/v2\/pages\/196\/revisions"}],"predecessor-version":[{"id":794,"href":"https:\/\/barcelonarealestate.cat\/ca\/wp-json\/wp\/v2\/pages\/196\/revisions\/794"}],"wp:attachment":[{"href":"https:\/\/barcelonarealestate.cat\/ca\/wp-json\/wp\/v2\/media?parent=196"}],"curies":[{"name":"wp","href":"https:\/\/api.w.org\/{rel}","templated":true}]}}