{"id":194,"date":"2016-12-28T12:58:54","date_gmt":"2016-12-28T12:58:54","guid":{"rendered":"http:\/\/barcelonarealestate.cat\/?page_id=194"},"modified":"2017-03-07T16:06:58","modified_gmt":"2017-03-07T16:06:58","slug":"our-logo","status":"publish","type":"page","link":"https:\/\/barcelonarealestate.cat\/ca\/our-logo","title":{"rendered":"El Nostre Logo"},"content":{"rendered":"<p><span id=\"result_box\" lang=\"ca\" style=\"color: #000000;\"><span title=\"Debido a su situaci\u00f3n privilegiada en la costa mediterr\u00e1nea, Barcelona ha sido por varios siglos un centro de referencia de producci\u00f3n, fabricaci\u00f3n y comercio en el sur de Europa. \">\u00a0\u00a0\u00a0\u00a0\u00a0\u00a0\u00a0\u00a0\u00a0 <img loading=\"lazy\" decoding=\"async\" class=\"alignnone wp-image-96\" src=\"http:\/\/barcelonarealestate.cat\/wp-content\/uploads\/2016\/12\/BRE-LOGO-PICTOGRAM.png\" alt=\"\" width=\"140\" height=\"152\" \/><\/span><\/span><\/p>\n<p><span id=\"result_box\" lang=\"ca\" style=\"color: #000000;\"><span title=\"Debido a su situaci\u00f3n privilegiada en la costa mediterr\u00e1nea, Barcelona ha sido por varios siglos un centro de referencia de producci\u00f3n, fabricaci\u00f3n y comercio en el sur de Europa. \">A causa de la seva situaci\u00f3 privilegiada a la costa mediterr\u00e0nia, Barcelona ha estat per diversos segles un centre de refer\u00e8ncia de producci\u00f3, fabricaci\u00f3 i comer\u00e7 al sud d&#8217;Europa. <\/span><\/span><\/p>\n<p><span id=\"result_box\" lang=\"ca\" style=\"color: #000000;\"><span title=\"A principios del siglo XIX, Barcelona creci\u00f3 fuera de las murallas de la ciudad antigua y desarroll\u00f3 una estructura de calles conocida como Ensanche.\">A principis del segle XIX, Barcelona va cr\u00e9ixer fora de les muralles de la ciutat antiga i va desenvolupar una estructura de carrers coneguda com Eixample. <\/span><span title=\"Empresarios e industriales catalanes se trasladaron a la ciudad e invirtieron en inmuebles en la capital.\">Empresaris i industrials catalans es van traslladar a la ciutat i van invertir en immobles a la capital. <\/span><span title=\"La propiedad de inmuebles en Barcelona se convirti\u00f3 en un s\u00edmbolo de \u00e9xito econ\u00f3mico y social.\">La propietat d&#8217;immobles a Barcelona es va convertir en un s\u00edmbol d&#8217;\u00e8xit econ\u00f2mic i social. <\/span><span title=\"Estos adinerados emprendedores rivalizaban entre ellos para construir unos edificios de extraordinaria belleza, dando lugar al nacimiento de un estilo conocido como Modernismo. \">Aquests adinerats emprenedors rivalitzaven entre ells per a construir uns edificis d&#8217;extraordin\u00e0ria bellesa, donant lloc al naixement d&#8217;un estil conegut com a Modernisme.<br \/>\n<\/span><\/span><\/p>\n<p><span id=\"result_box\" lang=\"ca\" style=\"color: #000000;\"><span title=\"Antoni Gaudi fue uno de los m\u00e1ximos exponentes de esa \u00e9poca.\">Antoni Gaud\u00ed va ser un dels m\u00e0xims exponents d&#8217;aquesta \u00e8poca. <\/span><span title=\"Dise\u00f1\u00f3 varios edificios en la ciudad, as\u00ed como cientos de piezas \u00fanicas como el hex\u00e1gono de azulejo inspirado en el fondo del mar mediterr\u00e1neo, que adoptamos como logo de nuestra compa\u00f1\u00eda. \">Va dissenyar diversos edificis a la ciutat, aix\u00ed com centenars de peces \u00faniques com l&#8217;hex\u00e0gon de rajola inspirat en el fons del mar mediterrani, que adoptem com a logo de la nostra companyia.<br \/>\n<\/span><\/span><\/p>\n<p><span id=\"result_box\" lang=\"ca\" style=\"color: #000000;\"><span title=\"Para obtener informaci\u00f3n adicional sobre la historia, situaci\u00f3n y lugares de inter\u00e9s para visitar en la ciudad de Barcelona, pinche en http:\/\/meet.barcelona.cat\/es\/descubre-barcelona\">Per obtenir informaci\u00f3 addicional sobre la hist\u00f2ria, situaci\u00f3 i llocs d&#8217;inter\u00e8s per visitar a la ciutat de Barcelona, \u200b\u200bpremi http:\/\/meet.barcelona.cat\/ca\/descobreix-barcelona<\/span><\/span><\/p>","protected":false},"excerpt":{"rendered":"<p>\u00a0\u00a0\u00a0\u00a0\u00a0\u00a0\u00a0\u00a0\u00a0 A causa de la seva situaci\u00f3 privilegiada a la costa mediterr\u00e0nia, Barcelona ha estat per diversos segles un centre&hellip;<\/p>\n","protected":false},"author":1,"featured_media":0,"parent":0,"menu_order":0,"comment_status":"closed","ping_status":"closed","template":"","meta":{"footnotes":""},"class_list":["post-194","page","type-page","status-publish","hentry"],"_links":{"self":[{"href":"https:\/\/barcelonarealestate.cat\/ca\/wp-json\/wp\/v2\/pages\/194","targetHints":{"allow":["GET"]}}],"collection":[{"href":"https:\/\/barcelonarealestate.cat\/ca\/wp-json\/wp\/v2\/pages"}],"about":[{"href":"https:\/\/barcelonarealestate.cat\/ca\/wp-json\/wp\/v2\/types\/page"}],"author":[{"embeddable":true,"href":"https:\/\/barcelonarealestate.cat\/ca\/wp-json\/wp\/v2\/users\/1"}],"replies":[{"embeddable":true,"href":"https:\/\/barcelonarealestate.cat\/ca\/wp-json\/wp\/v2\/comments?post=194"}],"version-history":[{"count":21,"href":"https:\/\/barcelonarealestate.cat\/ca\/wp-json\/wp\/v2\/pages\/194\/revisions"}],"predecessor-version":[{"id":799,"href":"https:\/\/barcelonarealestate.cat\/ca\/wp-json\/wp\/v2\/pages\/194\/revisions\/799"}],"wp:attachment":[{"href":"https:\/\/barcelonarealestate.cat\/ca\/wp-json\/wp\/v2\/media?parent=194"}],"curies":[{"name":"wp","href":"https:\/\/api.w.org\/{rel}","templated":true}]}}