{"id":177,"date":"2016-12-28T12:51:13","date_gmt":"2016-12-28T12:51:13","guid":{"rendered":"http:\/\/barcelonarealestate.cat\/?page_id=177"},"modified":"2017-03-07T15:44:00","modified_gmt":"2017-03-07T15:44:00","slug":"management","status":"publish","type":"page","link":"https:\/\/barcelonarealestate.cat\/ca\/management","title":{"rendered":"ADMINISTRACI\u00d3"},"content":{"rendered":"<p><span id=\"result_box\" lang=\"ca\">\u00a0\u00a0\u00a0\u00a0\u00a0\u00a0\u00a0\u00a0\u00a0 <img loading=\"lazy\" decoding=\"async\" class=\"alignnone wp-image-474\" src=\"http:\/\/barcelonarealestate.cat\/wp-content\/uploads\/2016\/12\/bookmark-barcelona-gaudi-sagrada-familia-paseo-de-gracia-park-guell-pedrera-home-batllo-metal-modulpoint-300x159.jpg\" alt=\"\" width=\"251\" height=\"133\" srcset=\"https:\/\/barcelonarealestate.cat\/wp-content\/uploads\/2016\/12\/bookmark-barcelona-gaudi-sagrada-familia-paseo-de-gracia-park-guell-pedrera-home-batllo-metal-modulpoint-300x159.jpg 300w, https:\/\/barcelonarealestate.cat\/wp-content\/uploads\/2016\/12\/bookmark-barcelona-gaudi-sagrada-familia-paseo-de-gracia-park-guell-pedrera-home-batllo-metal-modulpoint.jpg 607w\" sizes=\"auto, (max-width: 251px) 100vw, 251px\" \/><\/span><\/p>\n<p><span id=\"result_box\" lang=\"ca\" style=\"color: #000000;\">Administrem la seva casa o pis a Barcelona i ens encarregarem d&#8217;efectuar el pagament dels impostos locals i les despeses de comunitat.<\/span><\/p>\n<p><span id=\"result_box\" lang=\"ca\" style=\"color: #000000;\">Si vol llogar la seva propietat, ens assegurarem de maximitzar els seus ingressos de lloguer i li alliberem de les preocupacions pr\u00f2pies del lloguer d&#8217;un immoble. Analitzarem el potencial d&#8217;ingressos de casa o pis i formalitzarem un contracte d&#8217;administraci\u00f3 adequat a les seves necessitats espec\u00edfiques.<\/span><\/p>\n<p><span style=\"color: #000000;\"><span id=\"result_box\" lang=\"ca\">Assumirem la responsabilitat de tot el proc\u00e9s d&#8217;arrendament, incloent la selecci\u00f3 de llogaters, el dip\u00f2sit del lloguer a l&#8217;Institut Catal\u00e0 del S\u00f2l, el pagament de l&#8217;Impost sobre B\u00e9ns Immobles i el manteniment de l&#8217;habitatge. <\/span><span id=\"result_box\" lang=\"ca\">Si sorgeix una disputa legal amb el seu inquil\u00ed, ens encarregarem d&#8217;assessorar a trav\u00e9s del nostre equip legal.<\/span><\/span><\/p>","protected":false},"excerpt":{"rendered":"<p>\u00a0\u00a0\u00a0\u00a0\u00a0\u00a0\u00a0\u00a0\u00a0 Administrem la seva casa o pis a Barcelona i ens encarregarem d&#8217;efectuar el pagament dels impostos locals i les&hellip;<\/p>\n","protected":false},"author":1,"featured_media":0,"parent":0,"menu_order":0,"comment_status":"closed","ping_status":"closed","template":"","meta":{"footnotes":""},"class_list":["post-177","page","type-page","status-publish","hentry"],"_links":{"self":[{"href":"https:\/\/barcelonarealestate.cat\/ca\/wp-json\/wp\/v2\/pages\/177","targetHints":{"allow":["GET"]}}],"collection":[{"href":"https:\/\/barcelonarealestate.cat\/ca\/wp-json\/wp\/v2\/pages"}],"about":[{"href":"https:\/\/barcelonarealestate.cat\/ca\/wp-json\/wp\/v2\/types\/page"}],"author":[{"embeddable":true,"href":"https:\/\/barcelonarealestate.cat\/ca\/wp-json\/wp\/v2\/users\/1"}],"replies":[{"embeddable":true,"href":"https:\/\/barcelonarealestate.cat\/ca\/wp-json\/wp\/v2\/comments?post=177"}],"version-history":[{"count":27,"href":"https:\/\/barcelonarealestate.cat\/ca\/wp-json\/wp\/v2\/pages\/177\/revisions"}],"predecessor-version":[{"id":781,"href":"https:\/\/barcelonarealestate.cat\/ca\/wp-json\/wp\/v2\/pages\/177\/revisions\/781"}],"wp:attachment":[{"href":"https:\/\/barcelonarealestate.cat\/ca\/wp-json\/wp\/v2\/media?parent=177"}],"curies":[{"name":"wp","href":"https:\/\/api.w.org\/{rel}","templated":true}]}}