{"id":130,"date":"2016-12-28T11:13:06","date_gmt":"2016-12-28T11:13:06","guid":{"rendered":"http:\/\/barcelonarealestate.cat\/?page_id=130"},"modified":"2017-03-07T16:47:35","modified_gmt":"2017-03-07T16:47:35","slug":"tax-legal","status":"publish","type":"page","link":"https:\/\/barcelonarealestate.cat\/ca\/tax-legal","title":{"rendered":"LEGAL i FISCAL"},"content":{"rendered":"<p><span id=\"result_box\" lang=\"ca\" style=\"color: #000000;\"><span title=\"A trav\u00e9s de nuestro equipo de abogados, ofrecemos asesor\u00eda legal y fiscal a las inversiones inmobiliarias de nuestros clientes. \">\u00a0\u00a0\u00a0\u00a0\u00a0\u00a0\u00a0\u00a0 <img loading=\"lazy\" decoding=\"async\" class=\"alignnone wp-image-460\" src=\"http:\/\/barcelonarealestate.cat\/wp-content\/uploads\/2017\/02\/der.png\" alt=\"\" width=\"130\" height=\"139\" \/>\u00a0\u00a0\u00a0\u00a0\u00a0\u00a0\u00a0 <img loading=\"lazy\" decoding=\"async\" class=\"alignnone size-medium wp-image-476\" src=\"http:\/\/barcelonarealestate.cat\/wp-content\/uploads\/2016\/12\/128-h_main-w-300x135.png\" alt=\"\" width=\"300\" height=\"135\" srcset=\"https:\/\/barcelonarealestate.cat\/wp-content\/uploads\/2016\/12\/128-h_main-w-300x135.png 300w, https:\/\/barcelonarealestate.cat\/wp-content\/uploads\/2016\/12\/128-h_main-w.png 620w\" sizes=\"auto, (max-width: 300px) 100vw, 300px\" \/><\/span><\/span><\/p>\n<p><span id=\"result_box\" lang=\"ca\" style=\"color: #000000;\"><span title=\"A trav\u00e9s de nuestro equipo de abogados, ofrecemos asesor\u00eda legal y fiscal a las inversiones inmobiliarias de nuestros clientes. \">A trav\u00e9s del nostre equip d&#8217;advocats, oferim assessoria legal i fiscal a les inversions immobili\u00e0ries dels nostres clients.<br \/>\n<\/span><\/span><\/p>\n<p><span id=\"result_box\" lang=\"ca\" style=\"color: #000000;\"><span title=\"Cuando nuestros clientes compran un inmueble, verificamos la ausencia de cargas en el Registro de la Propiedad, preparamos el contrato de arras, revisamos la escritura notarial, gestionamos el pago del Impuesto sobre Transmisiones Patrimoniales (inmuebles usados) o del Impuesto sobre el Valor A\u00f1adido (\">Quan els nostres clients compren un immoble, verifiquem l&#8217;abs\u00e8ncia de c\u00e0rregues en el Registre de la Propietat, prepararem el contracte d&#8217;arres, revisem l&#8217;escriptura notarial, gestionem el pagament de l&#8217;Impost sobre Transmissions Patrimonials (immobles usats) o de l&#8217;impost sobre el valor afegit ( <\/span><span title=\"obra nueva), y supervisamos el proceso de compraventa hasta la inscripci\u00f3n en el Registro de la Propiedad. \">obra nova), i supervisem el proc\u00e9s de compravenda fins a la inscripci\u00f3 en el Registre de la Propietat.<br \/>\n<\/span><\/span><\/p>\n<p><span id=\"result_box\" lang=\"ca\" style=\"color: #000000;\"><span title=\"Tambi\u00e9n ofrecemos asesor\u00eda fiscal en el momento de la compraventa para optimizar la rentabilidad despu\u00e9s de impuestos de las inversiones de nuestros clientes.\">Tamb\u00e9 oferim assessoria fiscal en el moment de la compravenda per optimitzar la rendibilitat despr\u00e9s d&#8217;impostos de les inversions dels nostres clients. <\/span><span title=\"Nos aseguramos del cumplimiento de toda la normativa fiscal local aplicable y revisamos la situaci\u00f3n personal de nuestros clientes para beneficiarnos del tratado para evitar la doble imposici\u00f3n correspondiente. \">Ens assegurem del compliment de tota la normativa fiscal local aplicable i revisem la situaci\u00f3 personal dels nostres clients per a beneficiar-nos del tractat per evitar la doble imposici\u00f3 corresponent.<br \/>\n<\/span><\/span><\/p>\n<p><span id=\"result_box\" lang=\"ca\" style=\"color: #000000;\"><span title=\"Tambi\u00e9n proporcionamos asesor\u00eda legal para las inversiones inmobiliarias de nuestros clientes, incluyendo el pago de impuestos locales, arrendamientos urbanos, y propiedad horizontal.\">Tamb\u00e9 proporcionem assessoria legal per a les inversions immobili\u00e0ries dels nostres clients, incloent el pagament d&#8217;impostos locals, arrendaments urbans, i propietat horitzontal. <\/span><span title=\"Para los clientes interesados en obtener una rentabilidad de sus inversiones inmobiliarias, proporcionamos asesor\u00eda fiscal y presentamos las declaraciones fiscales correspondientes. \">Per als clients interessats a obtenir una rendibilitat de les seves inversions immobili\u00e0ries, proporcionem assessoria fiscal i presentem les declaracions fiscals corresponents.<br \/>\n<\/span><\/span><\/p>\n<p><span id=\"result_box\" lang=\"ca\" style=\"color: #000000;\"><span title=\"Conforme a la Ley 14\/2013, los extranjeros que efect\u00faen una inversi\u00f3n m\u00ednima de \u20ac500,000 en un inmueble pueden solicitar la residencia legal en Espa\u00f1a.\">D&#8217;acord amb la Llei 14\/2013, els estrangers que efectu\u00efn una inversi\u00f3 m\u00ednima de 500.000 \u20ac en un immoble poden sol\u00b7licitar la resid\u00e8ncia legal a Espanya. <\/span><span title=\"Nos encargamos de tramitar el visado de residencia para aquellos clientes interesados en obtener la condici\u00f3n de residente legal en Espa\u00f1a.\">Ens encarreguem de tramitar el visat de resid\u00e8ncia per a aquells clients interessats a obtenir la condici\u00f3 de resident legal a Espanya.<\/span><\/span><\/p>","protected":false},"excerpt":{"rendered":"<p>\u00a0\u00a0\u00a0\u00a0\u00a0\u00a0\u00a0\u00a0 \u00a0\u00a0\u00a0\u00a0\u00a0\u00a0\u00a0 A trav\u00e9s del nostre equip d&#8217;advocats, oferim assessoria legal i fiscal a les inversions immobili\u00e0ries dels nostres clients.&hellip;<\/p>\n","protected":false},"author":1,"featured_media":0,"parent":0,"menu_order":0,"comment_status":"closed","ping_status":"closed","template":"","meta":{"footnotes":""},"class_list":["post-130","page","type-page","status-publish","hentry"],"_links":{"self":[{"href":"https:\/\/barcelonarealestate.cat\/ca\/wp-json\/wp\/v2\/pages\/130","targetHints":{"allow":["GET"]}}],"collection":[{"href":"https:\/\/barcelonarealestate.cat\/ca\/wp-json\/wp\/v2\/pages"}],"about":[{"href":"https:\/\/barcelonarealestate.cat\/ca\/wp-json\/wp\/v2\/types\/page"}],"author":[{"embeddable":true,"href":"https:\/\/barcelonarealestate.cat\/ca\/wp-json\/wp\/v2\/users\/1"}],"replies":[{"embeddable":true,"href":"https:\/\/barcelonarealestate.cat\/ca\/wp-json\/wp\/v2\/comments?post=130"}],"version-history":[{"count":30,"href":"https:\/\/barcelonarealestate.cat\/ca\/wp-json\/wp\/v2\/pages\/130\/revisions"}],"predecessor-version":[{"id":834,"href":"https:\/\/barcelonarealestate.cat\/ca\/wp-json\/wp\/v2\/pages\/130\/revisions\/834"}],"wp:attachment":[{"href":"https:\/\/barcelonarealestate.cat\/ca\/wp-json\/wp\/v2\/media?parent=130"}],"curies":[{"name":"wp","href":"https:\/\/api.w.org\/{rel}","templated":true}]}}