{"id":11,"date":"2016-12-13T12:15:00","date_gmt":"2016-12-13T12:15:00","guid":{"rendered":"http:\/\/barcelonarealestate.apps-1and1.net\/?page_id=11"},"modified":"2017-03-07T16:13:06","modified_gmt":"2017-03-07T16:13:06","slug":"financing","status":"publish","type":"page","link":"https:\/\/barcelonarealestate.cat\/ca\/financing","title":{"rendered":"FINAN\u00c7AMENT"},"content":{"rendered":"<p><span id=\"result_box\" lang=\"ca\" style=\"color: #000000;\">\u00a0\u00a0\u00a0\u00a0\u00a0\u00a0\u00a0\u00a0\u00a0 <img loading=\"lazy\" decoding=\"async\" class=\"alignnone wp-image-602\" src=\"http:\/\/barcelonarealestate.cat\/wp-content\/uploads\/2016\/12\/investors-300x274.png\" alt=\"\" width=\"230\" height=\"210\" srcset=\"https:\/\/barcelonarealestate.cat\/wp-content\/uploads\/2016\/12\/investors-300x274.png 300w, https:\/\/barcelonarealestate.cat\/wp-content\/uploads\/2016\/12\/investors.png 335w\" sizes=\"auto, (max-width: 230px) 100vw, 230px\" \/><\/span><\/p>\n<p><span id=\"result_box\" lang=\"ca\" style=\"color: #000000;\">Coneix una oportunitat d&#8217;inversi\u00f3 immobili\u00e0ria, per\u00f2 no t\u00e9 el capital per finan\u00e7ar-la?<\/span><\/p>\n<p><span style=\"color: #000000;\"><span id=\"result_box\" lang=\"ca\">A Barcelona Real Estate podem ser socis en les seves inversions immobili\u00e0ries. Ens comprometem a obtenir el capital necessari per finan\u00e7ar la inversi\u00f3 mitjan\u00e7ant la nostra xarxa d&#8217;inversors. <\/span><span id=\"result_box\" lang=\"ca\">Ens especialitzem en la compra de b\u00e9ns immobles, la rehabilitaci\u00f3 d&#8217;edificis, i la urbanitzaci\u00f3 de solars. Iniciarem la nostra relaci\u00f3 mitjan\u00e7ant la signatura d&#8217;un acord de confidencialitat amb vost\u00e8 per avaluar el projecte. <\/span><\/span><\/p>\n<p><span style=\"color: #000000;\">Tamb\u00e9 li oferirem l&#8217;assessorament legal i fiscal necessari per arribar a l&#8217;acord que resulti m\u00e9s adequat per defensar els interessos de totes les parts.<\/span><\/p>","protected":false},"excerpt":{"rendered":"<p>\u00a0\u00a0\u00a0\u00a0\u00a0\u00a0\u00a0\u00a0\u00a0 Coneix una oportunitat d&#8217;inversi\u00f3 immobili\u00e0ria, per\u00f2 no t\u00e9 el capital per finan\u00e7ar-la? A Barcelona Real Estate podem ser socis&hellip;<\/p>\n","protected":false},"author":1,"featured_media":0,"parent":0,"menu_order":0,"comment_status":"closed","ping_status":"closed","template":"","meta":{"footnotes":""},"class_list":["post-11","page","type-page","status-publish","hentry"],"_links":{"self":[{"href":"https:\/\/barcelonarealestate.cat\/ca\/wp-json\/wp\/v2\/pages\/11","targetHints":{"allow":["GET"]}}],"collection":[{"href":"https:\/\/barcelonarealestate.cat\/ca\/wp-json\/wp\/v2\/pages"}],"about":[{"href":"https:\/\/barcelonarealestate.cat\/ca\/wp-json\/wp\/v2\/types\/page"}],"author":[{"embeddable":true,"href":"https:\/\/barcelonarealestate.cat\/ca\/wp-json\/wp\/v2\/users\/1"}],"replies":[{"embeddable":true,"href":"https:\/\/barcelonarealestate.cat\/ca\/wp-json\/wp\/v2\/comments?post=11"}],"version-history":[{"count":40,"href":"https:\/\/barcelonarealestate.cat\/ca\/wp-json\/wp\/v2\/pages\/11\/revisions"}],"predecessor-version":[{"id":804,"href":"https:\/\/barcelonarealestate.cat\/ca\/wp-json\/wp\/v2\/pages\/11\/revisions\/804"}],"wp:attachment":[{"href":"https:\/\/barcelonarealestate.cat\/ca\/wp-json\/wp\/v2\/media?parent=11"}],"curies":[{"name":"wp","href":"https:\/\/api.w.org\/{rel}","templated":true}]}}